{"id":294,"date":"2022-06-03T07:50:09","date_gmt":"2022-06-03T07:50:09","guid":{"rendered":"https:\/\/blogs.mulesoft.com\/de\/?page_id=294"},"modified":"2023-02-20T11:29:04","modified_gmt":"2023-02-20T11:29:04","slug":"bloghome","status":"publish","type":"page","link":"https:\/\/blogs.mulesoft.com\/de\/bloghome\/","title":{"rendered":"APIs, Integration und Automatisierung: der MuleSoft-Blog"},"content":{"rendered":"\n<p>MuleSoft-Trends und Themen f\u00fcr IT-F\u00fchrungskr\u00e4fte und Entwickler:innen: APIs und API-basierte Konnektivit\u00e4t, Composable Enterprise, IT und Business Automation und mehr.<\/p>\n","protected":false},"excerpt":{"rendered":"<p>MuleSoft-Trends und Themen f\u00fcr IT-F\u00fchrungskr\u00e4fte und Entwickler:innen: APIs und API-basierte Konnektivit\u00e4t, Composable Enterprise, IT und Business Automation und mehr.<\/p>\n","protected":false},"author":5285,"featured_media":0,"parent":0,"menu_order":0,"comment_status":"closed","ping_status":"closed","template":"page-home.php","meta":{"_acf_changed":false,"inline_featured_image":false,"footnotes":""},"class_list":["post-294","page","type-page","status-publish","hentry"],"acf":[],"aioseo_notices":[],"jetpack_sharing_enabled":true,"_links":{"self":[{"href":"https:\/\/blogs.mulesoft.com\/de\/wp-json\/wp\/v2\/pages\/294","targetHints":{"allow":["GET"]}}],"collection":[{"href":"https:\/\/blogs.mulesoft.com\/de\/wp-json\/wp\/v2\/pages"}],"about":[{"href":"https:\/\/blogs.mulesoft.com\/de\/wp-json\/wp\/v2\/types\/page"}],"author":[{"embeddable":true,"href":"https:\/\/blogs.mulesoft.com\/de\/wp-json\/wp\/v2\/users\/5285"}],"replies":[{"embeddable":true,"href":"https:\/\/blogs.mulesoft.com\/de\/wp-json\/wp\/v2\/comments?post=294"}],"version-history":[{"count":3,"href":"https:\/\/blogs.mulesoft.com\/de\/wp-json\/wp\/v2\/pages\/294\/revisions"}],"predecessor-version":[{"id":1059,"href":"https:\/\/blogs.mulesoft.com\/de\/wp-json\/wp\/v2\/pages\/294\/revisions\/1059"}],"wp:attachment":[{"href":"https:\/\/blogs.mulesoft.com\/de\/wp-json\/wp\/v2\/media?parent=294"}],"curies":[{"name":"wp","href":"https:\/\/api.w.org\/{rel}","templated":true}]}}